{"id":442,"date":"2025-06-18T09:17:00","date_gmt":"2025-06-18T09:17:00","guid":{"rendered":"https:\/\/kastner.awesa-business.de\/?page_id=442"},"modified":"2025-06-18T09:20:16","modified_gmt":"2025-06-18T09:20:16","slug":"impressum","status":"publish","type":"page","link":"https:\/\/kastner.awesa-business.de\/?page_id=442","title":{"rendered":"Impressum"},"content":{"rendered":"\t\t<div data-elementor-type=\"wp-page\" data-elementor-id=\"442\" class=\"elementor elementor-442\" data-elementor-post-type=\"page\">\n\t\t\t\t<div class=\"elementor-element elementor-element-129fb080 e-flex e-con-boxed e-con e-parent\" data-id=\"129fb080\" data-element_type=\"container\" data-e-type=\"container\" data-settings=\"{&quot;background_background&quot;:&quot;classic&quot;}\">\n\t\t\t\t\t<div class=\"e-con-inner\">\n\t\t\t\t<div class=\"elementor-element elementor-element-56584aa4 elementor-widget elementor-widget-icon-box\" data-id=\"56584aa4\" data-element_type=\"widget\" data-e-type=\"widget\" data-widget_type=\"icon-box.default\">\n\t\t\t\t<div class=\"elementor-widget-container\">\n\t\t\t\t\t\t\t<div class=\"elementor-icon-box-wrapper\">\n\n\t\t\t\n\t\t\t\t\t\t<div class=\"elementor-icon-box-content\">\n\n\t\t\t\t\t\t\t\t\t<h1 class=\"elementor-icon-box-title\">\n\t\t\t\t\t\t<span  >\n\t\t\t\t\t\t\tImpressum\t\t\t\t\t\t<\/span>\n\t\t\t\t\t<\/h1>\n\t\t\t\t\n\t\t\t\t\n\t\t\t<\/div>\n\t\t\t\n\t\t<\/div>\n\t\t\t\t\t\t<\/div>\n\t\t\t\t<\/div>\n\t\t\t\t\t<\/div>\n\t\t\t\t<\/div>\n\t\t<div class=\"elementor-element elementor-element-7c99738 e-flex e-con-boxed e-con e-parent\" data-id=\"7c99738\" data-element_type=\"container\" data-e-type=\"container\">\n\t\t\t\t\t<div class=\"e-con-inner\">\n\t\t\t\t<div class=\"elementor-element elementor-element-7466920 elementor-widget elementor-widget-text-editor\" data-id=\"7466920\" data-element_type=\"widget\" data-e-type=\"widget\" data-widget_type=\"text-editor.default\">\n\t\t\t\t<div class=\"elementor-widget-container\">\n\t\t\t\t\t\t\t\t\t<div class=\"row\"><div class=\"col-xs-12\"><h1>Impressum<\/h1><\/div><\/div><div class=\"row\"><div class=\"col-sm-6\"><p>Dachdeckerei Kastner GmbH<br \/>Piepenbusch 7<br \/>31787 Hameln<\/p><p>Tel.: 0 51 58 \/ 24 51<br \/>Fax: 0 51 58 \/ 26 38<\/p><p>E-Mail:\u00a0<a title=\"Mail an Dachdecker Kastner GmbH\" href=\"mailto:info@dachdecker-kastner.de\">info@dachdecker-kastner.de<\/a><\/p><p>Umsatzsteuer Identifikationsnummer: DE 315040922<\/p><p>Amtsgericht Hannover<br \/>HRB 216271<\/p><p>Berufsrechtliche Regelungen:<br \/>Handwerksordnung<\/p><p>Zust\u00e4ndige Handwerkskammer:<br \/>Handwerkskammer Hannover<br \/>Berliner Allee 17<br \/>30175 Hannover<\/p><p><a title=\"HWK Hannover\" href=\"http:\/\/www.hwk-hannover.de\/\" target=\"_blank\" rel=\"noopener\">http:\/\/www.hwk-hannover.de<\/a><\/p><p>Inhaltlich Verantwortliche gem\u00e4\u00df \u00a75 TMG (Telemediengesetz): Thomas Kastner (Anschrift s.o.)<\/p><h2>Haftung f\u00fcr Inhalte<\/h2><p>Die Inhalte unserer Seiten wurden mit gr\u00f6\u00dfter Sorgfalt erstellt. F\u00fcr die Richtigkeit, Vollst\u00e4ndigkeit und Aktualit\u00e4t der Inhalte k\u00f6nnen wir jedoch keine Gew\u00e4hr \u00fcbernehmen. Als Diensteanbieter sind wir gem\u00e4\u00df Telemediengesetz f\u00fcr eigene Inhalte auf diesen Seiten nach den allgemeinen Gesetzen verantwortlich. Diensteanbieter sind jedoch nicht verpflichtet, die von ihnen \u00fcbermittelten oder gespeicherten fremden Informationen zu \u00fcberwachen oder nach Umst\u00e4nden zu forschen, die auf eine rechtswidrige T\u00e4tigkeit hinweisen. Verpflichtungen zur Entfernung oder Sperrung der Nutzung von Informationen nach den allgemeinen Gesetzen bleiben hiervon unber\u00fchrt. Eine diesbez\u00fcgliche Haftung ist jedoch erst ab dem Zeitpunkt der Kenntnis einer konkreten Rechtsverletzung m\u00f6glich. Bei bekannt werden von entsprechenden Rechtsverletzungen werden wir diese Inhalte umgehend entfernen.<\/p><h2>Haftung f\u00fcr Links<\/h2><p>Unser Angebot enth\u00e4lt Links zu externen Webseiten Dritter, auf deren Inhalte wir keinen Einfluss haben. Deshalb k\u00f6nnen wir f\u00fcr diese fremden Inhalte auch keine Gew\u00e4hr \u00fcbernehmen. F\u00fcr die Inhalte der verlinkten Seiten ist stets der jeweilige Anbieter oder Betreiber der Seiten verantwortlich. Die verlinkten Seiten wurden zum Zeitpunkt der Verlinkung auf m\u00f6gliche Rechtsverst\u00f6\u00dfe \u00fcberpr\u00fcft.<\/p><p>Rechtswidrige Inhalte waren zum Zeitpunkt der Verlinkung nicht erkennbar. Eine permanente inhaltliche Kontrolle der verlinkten Seiten ist jedoch ohne konkrete Anhaltspunkte einer Rechtsverletzung nicht zumutbar. Bei bekannt werden von Rechtsverletzungen werden wir derartige Links umgehend entfernen.<\/p><h2>Urheberrecht<\/h2><p>Die Betreiber der Seiten sind bem\u00fcht, stets die Urheberrechte anderer zu beachten bzw. auf selbst erstellte sowie lizenzfreie Werke zur\u00fcckzugreifen. Die durch die Seitenbetreiber erstellten Inhalte und Werke auf diesen Seiten unterliegen dem deutschen Urheberrecht. Beitr\u00e4ge Dritter sind als solche gekennzeichnet. Die Vervielf\u00e4ltigung, Bearbeitung, Verbreitung und jede Art der Verwertung au\u00dferhalb der Grenzen des Urheberrechtes bed\u00fcrfen der schriftlichen Zustimmung des jeweiligen Autors bzw. Erstellers. Downloads und Kopien dieser Seite sind nur f\u00fcr den privaten, nicht kommerziellen Gebrauch gestattet.<\/p><h2>Au\u00dfergerichtliche Streitschlichtung<\/h2><p>Die Europ\u00e4ische Kommission stellt eine Plattform f\u00fcr die au\u00dfergerichtliche Online-Streitbeilegung (OS-Plattform) bereit, welche unter\u00a0<a title=\"Au\u00dfergerichtliche Streitschlichtung\" href=\"http:\/\/www.ec.europa.eu\/consumers\/odr\" target=\"_blank\" rel=\"noopener\">www.ec.europa.eu\/consumers\/odr<\/a>\u00a0f\u00fcr Sie erreichbar ist. Wir sind weder verpflichtet noch bereit, an dem Streitschlichtungsverfahren teilzunehmen.<\/p><\/div><\/div>\t\t\t\t\t\t\t\t<\/div>\n\t\t\t\t<\/div>\n\t\t\t\t\t<\/div>\n\t\t\t\t<\/div>\n\t\t\t\t<\/div>\n\t\t","protected":false},"excerpt":{"rendered":"<p>Impressum Impressum Dachdeckerei Kastner GmbHPiepenbusch 731787 Hameln Tel.: 0 51 58 \/ 24 51Fax: 0 51 58 \/ 26 38 E-Mail:\u00a0info@dachdecker-kastner.de Umsatzsteuer Identifikationsnummer: DE 315040922 Amtsgericht HannoverHRB 216271 Berufsrechtliche Regelungen:Handwerksordnung Zust\u00e4ndige Handwerkskammer:Handwerkskammer HannoverBerliner Allee 1730175 Hannover http:\/\/www.hwk-hannover.de Inhaltlich Verantwortliche gem\u00e4\u00df \u00a75 TMG (Telemediengesetz): Thomas Kastner (Anschrift s.o.) Haftung f\u00fcr Inhalte Die Inhalte unserer Seiten wurden [&hellip;]<\/p>\n","protected":false},"author":1,"featured_media":0,"parent":0,"menu_order":0,"comment_status":"closed","ping_status":"closed","template":"","meta":{"footnotes":""},"class_list":["post-442","page","type-page","status-publish","hentry"],"_links":{"self":[{"href":"https:\/\/kastner.awesa-business.de\/index.php?rest_route=\/wp\/v2\/pages\/442","targetHints":{"allow":["GET"]}}],"collection":[{"href":"https:\/\/kastner.awesa-business.de\/index.php?rest_route=\/wp\/v2\/pages"}],"about":[{"href":"https:\/\/kastner.awesa-business.de\/index.php?rest_route=\/wp\/v2\/types\/page"}],"author":[{"embeddable":true,"href":"https:\/\/kastner.awesa-business.de\/index.php?rest_route=\/wp\/v2\/users\/1"}],"replies":[{"embeddable":true,"href":"https:\/\/kastner.awesa-business.de\/index.php?rest_route=%2Fwp%2Fv2%2Fcomments&post=442"}],"version-history":[{"count":7,"href":"https:\/\/kastner.awesa-business.de\/index.php?rest_route=\/wp\/v2\/pages\/442\/revisions"}],"predecessor-version":[{"id":449,"href":"https:\/\/kastner.awesa-business.de\/index.php?rest_route=\/wp\/v2\/pages\/442\/revisions\/449"}],"wp:attachment":[{"href":"https:\/\/kastner.awesa-business.de\/index.php?rest_route=%2Fwp%2Fv2%2Fmedia&parent=442"}],"curies":[{"name":"wp","href":"https:\/\/api.w.org\/{rel}","templated":true}]}}