{"id":450,"date":"2025-06-18T09:20:59","date_gmt":"2025-06-18T09:20:59","guid":{"rendered":"https:\/\/kastner.awesa-business.de\/?page_id=450"},"modified":"2025-06-18T09:21:52","modified_gmt":"2025-06-18T09:21:52","slug":"datenschutz","status":"publish","type":"page","link":"https:\/\/kastner.awesa-business.de\/?page_id=450","title":{"rendered":"Datenschutz"},"content":{"rendered":"\t\t<div data-elementor-type=\"wp-page\" data-elementor-id=\"450\" class=\"elementor elementor-450\" data-elementor-post-type=\"page\">\n\t\t\t\t<div class=\"elementor-element elementor-element-129fb080 e-flex e-con-boxed e-con e-parent\" data-id=\"129fb080\" data-element_type=\"container\" data-e-type=\"container\" data-settings=\"{&quot;background_background&quot;:&quot;classic&quot;}\">\n\t\t\t\t\t<div class=\"e-con-inner\">\n\t\t\t\t<div class=\"elementor-element elementor-element-56584aa4 elementor-widget elementor-widget-icon-box\" data-id=\"56584aa4\" data-element_type=\"widget\" data-e-type=\"widget\" data-widget_type=\"icon-box.default\">\n\t\t\t\t<div class=\"elementor-widget-container\">\n\t\t\t\t\t\t\t<div class=\"elementor-icon-box-wrapper\">\n\n\t\t\t\n\t\t\t\t\t\t<div class=\"elementor-icon-box-content\">\n\n\t\t\t\t\t\t\t\t\t<h1 class=\"elementor-icon-box-title\">\n\t\t\t\t\t\t<span  >\n\t\t\t\t\t\t\tImpressum\t\t\t\t\t\t<\/span>\n\t\t\t\t\t<\/h1>\n\t\t\t\t\n\t\t\t\t\n\t\t\t<\/div>\n\t\t\t\n\t\t<\/div>\n\t\t\t\t\t\t<\/div>\n\t\t\t\t<\/div>\n\t\t\t\t\t<\/div>\n\t\t\t\t<\/div>\n\t\t<div class=\"elementor-element elementor-element-7c99738 e-flex e-con-boxed e-con e-parent\" data-id=\"7c99738\" data-element_type=\"container\" data-e-type=\"container\">\n\t\t\t\t\t<div class=\"e-con-inner\">\n\t\t\t\t<div class=\"elementor-element elementor-element-7466920 elementor-widget elementor-widget-text-editor\" data-id=\"7466920\" data-element_type=\"widget\" data-e-type=\"widget\" data-widget_type=\"text-editor.default\">\n\t\t\t\t<div class=\"elementor-widget-container\">\n\t\t\t\t\t\t\t\t\t<div class=\"row\"><div class=\"col-xs-12\"><div class=\"row\"><div class=\"col-xs-12\"><h1>Datenschutz<\/h1><\/div><\/div><div class=\"row\"><div class=\"col-sm-6\"><p>Die Betreiber dieser Seiten nehmen den Schutz Ihrer pers\u00f6nlichen Daten sehr ernst. Wir behandeln Ihre personenbezogenen Daten vertraulich und entsprechend der gesetzlichen Datenschutzvorschriften sowie dieser Datenschutzerkl\u00e4rung.<\/p><p>Die Nutzung unserer Webseite ist in der Regel ohne Angabe personenbezogener Daten m\u00f6glich. Soweit auf unseren Seiten personenbezogene Daten (beispielsweise Name, Anschrift oder E-Mail-Adressen) erhoben werden, erfolgt dies, soweit m\u00f6glich, stets auf freiwilliger Basis. Diese Daten werden ohne Ihre ausdr\u00fcckliche Zustimmung nicht an Dritte weitergegeben.<\/p><p>Wir weisen darauf hin, dass die Daten\u00fcbertragung im Internet (z.B. bei der Kommunikation per E-Mail) Sicherheitsl\u00fccken aufweisen kann. Ein l\u00fcckenloser Schutz der Daten vor dem Zugriff durch Dritte ist nicht m\u00f6glich.<\/p><h2>Datenschutzbeauftragter<\/h2><p>Unser Datenschutzbeauftragter ist:<br \/>Fa. Wydmuch<br \/>Inh. Jerry Wydmuch<br \/>Breslauer Allee 6<br \/>31787 Hameln<br \/>Tel. 05151 988312<br \/><a href=\"mailto:info@wydmuch-computer.de\">info@wydmuch-computer.de<\/a><\/p><h2>Cookies<\/h2><p>Die Internetseiten verwenden teilweise so genannte Cookies. Cookies richten auf Ihrem Rechner keinen Schaden an und enthalten keine Viren. Cookies dienen dazu, unser Angebot nutzerfreundlicher, effektiver und sicherer zu machen. Cookies sind kleine Textdateien, die auf Ihrem Rechner abgelegt werden und die Ihr Browser speichert.<\/p><p>Die meisten der von uns verwendeten Cookies sind so genannte \u201eSession-Cookies\u201c. Sie werden nach Ende Ihres Besuchs automatisch gel\u00f6scht. Andere Cookies bleiben auf Ihrem Endger\u00e4t gespeichert, bis Sie diese l\u00f6schen. Diese Cookies erm\u00f6glichen es uns, Ihren Browser beim n\u00e4chsten Besuch wiederzuerkennen.<\/p><p>Sie k\u00f6nnen Ihren Browser so einstellen, dass Sie \u00fcber das Setzen von Cookies informiert werden und Cookies nur im Einzelfall erlauben, die Annahme von Cookies f\u00fcr bestimmte F\u00e4lle oder generell ausschlie\u00dfen sowie das automatische L\u00f6schen der Cookies beim Schlie\u00dfen des Browser aktivieren. Bei der Deaktivierung von Cookies kann die Funktionalit\u00e4t dieser Website eingeschr\u00e4nkt sein.<\/p><h2>Server-Log-Files<\/h2><p>Der Provider der Seiten erhebt und speichert automatisch Informationen in so genannten Server-Log Files, die Ihr Browser automatisch an uns \u00fcbermittelt. Dies sind:<\/p><p>Browsertyp\/ Browserversion<br \/>verwendetes Betriebssystem<br \/>Referrer URL<br \/>Hostname des zugreifenden Rechners<br \/>Uhrzeit der Serveranfrage<\/p><p>Diese Daten sind nicht bestimmten Personen zuordenbar. Eine Zusammenf\u00fchrung dieser Daten mit anderen Datenquellen wird nicht vorgenommen. Wir behalten uns vor, diese Daten nachtr\u00e4glich zu pr\u00fcfen, wenn uns konkrete Anhaltspunkte f\u00fcr eine rechtswidrige Nutzung bekannt werden.<\/p><h2>Kontaktformular<\/h2><p>Wenn Sie uns per Kontaktformular Anfragen zukommen lassen, werden Ihre Angaben aus dem Anfrageformular inklusive der von Ihnen dort angegebenen Kontaktdaten zwecks Bearbeitung der Anfrage und f\u00fcr den Fall von Anschlussfragen bei uns gespeichert. Diese Daten geben wir nicht ohne Ihre Einwilligung weiter.<br \/><br \/><\/p><h2>Beschreibung und Umfang der Datenverarbeitung bei Nutzung des VELUX Konfigurators<\/h2><p>Mit dem VELUX Dachfenster-Konfigurator, der per IFrame auf dieser Webseite eingebunden ist, k\u00f6nnen Sie in mehreren Schritten eine pers\u00f6nliche Dachfensterl\u00f6sung konfigurieren, eine unverbindliche Indikation f\u00fcr einen Gesamtpreis aus Produkten und ggf. den Einbaukosten ermitteln und auf Wunsch f\u00fcr die abgeschlossene Konfiguration ein unverbindliches Angebot vom Betreiber dieser Webseite anfordern.<\/p><p>Dazu wird, Ihre Zustimmung vorausgesetzt, aus dem VELUX-System eine E-Mail an den ausgew\u00e4hlten Handwerksbetrieb (den Betreiber dieser Webseite) sowie an Sie selbst gesendet.<\/p><p>Diese enth\u00e4lt die ausgew\u00e4hlte Produkt-Konfiguration sowie folgende personenbezogene Daten:<br \/>\u2022 Vor- und Nachname<br \/>\u2022 Anschrift<br \/>\u2022 E-Mail-Adresse<br \/>\u2022 Telefonnummer<br \/>\u2022 Projektinformationen<\/p><p>Im Zeitpunkt der Absendung der Nachricht werden zus\u00e4tzlich folgende Daten erhoben: \u2022 Datum und Uhrzeit Ihre Daten werden im System der VELUX Deutschland GmbH gespeichert.<\/p><p>Im Rahmen der Nutzung des Konfigurators werden Ihre Daten gem\u00e4\u00df den Nutzungsbedingungen [<a href=\"https:\/\/www.velux.de\/ueber-velux\/nutzungsbestimmungen-partnerprogramm\" target=\"_blank\" rel=\"noopener\">https:\/\/www.velux.de\/ueber-velux\/nutzungsbestimmungen-partnerprogramm<\/a>] und der geltenden Datenschutzerkl\u00e4rung von VELUX [<a href=\"https:\/\/www.velux.de\/ueber-velux\/datenschutz\" target=\"_blank\" rel=\"noopener\">https:\/\/www.velux.de\/ueber-velux\/datenschutz<\/a>] behandelt.<\/p><p>F\u00fcr die Verarbeitung der Daten wird im Rahmen des Absendevorgangs Ihre Einwilligung dazu eingeholt. Im weiteren Verlauf erh\u00e4lt VELUX vom Betreiber dieser Webseite eine R\u00fcckmeldung zum Bearbeitungsstand Ihrer Anfrage. Dies ist notwendig, damit VELUX Sie ggf. zeitnah bei den ausgelobten Dienstleistung unterst\u00fctzen kann. Ebenso ist f\u00fcr die Erbringung dieses Services Ihr Einverst\u00e4ndnis notwendig, dass VELUX und der Handwerksbetrieb Sie dazu telefonisch oder per Mail kontaktieren darf.<\/p><p>Die Rechtsgrundlage f\u00fcr die Verarbeitung der oben genannten Daten ist Art. 6 Abs. 1 lit. b DSGVO. (Erf\u00fcllung eines Vertrages; Durchf\u00fchrung vorvertraglicher Ma\u00dfnahmen\/Beantwortung von Anfragen).<\/p><p>Soweit vom Betreiber dieser Webseite ein Angebot angefordert wurde oder ein Auftrag erteilt wurde, gilt die Datenschutzerkl\u00e4rung dieser Webseite.<\/p><h2>Auskunft, L\u00f6schung, Sperrung<\/h2><p>Sie haben jederzeit das Recht auf unentgeltliche Auskunft \u00fcber Ihre gespeicherten personenbezogenen Daten, deren Herkunft und Empf\u00e4nger und den Zweck der Datenverarbeitung sowie ein Recht auf Berichtigung, Sperrung oder L\u00f6schung dieser Daten. Hierzu sowie zu weiteren Fragen zum Thema personenbezogene Daten k\u00f6nnen Sie sich jederzeit unter der im Impressum angegebenen Adresse an uns wenden.<\/p><h2>Widerspruch Werbe-Mails<\/h2><p>Der Nutzung von im Rahmen der Impressumspflicht ver\u00f6ffentlichten Kontaktdaten zur \u00fcbersendung von nicht ausdr\u00fccklich angeforderter Werbung und Informationsmaterialien wird hiermit widersprochen. Die Betreiber der Seiten behalten sich ausdr\u00fccklich rechtliche Schritte im Falle der unverlangten Zusendung von Werbeinformationen, etwa durch Spam-E-Mails, vor.<\/p><p><i>Quellenangabe:\u00a0<a title=\"eRecht24\" href=\"https:\/\/www.e-recht24.de\/\" target=\"_blank\" rel=\"noopener\">https:\/\/www.e-recht24.de<\/a><\/i><\/p><\/div><\/div><\/div><\/div>\t\t\t\t\t\t\t\t<\/div>\n\t\t\t\t<\/div>\n\t\t\t\t\t<\/div>\n\t\t\t\t<\/div>\n\t\t\t\t<\/div>\n\t\t","protected":false},"excerpt":{"rendered":"<p>Impressum Datenschutz Die Betreiber dieser Seiten nehmen den Schutz Ihrer pers\u00f6nlichen Daten sehr ernst. Wir behandeln Ihre personenbezogenen Daten vertraulich und entsprechend der gesetzlichen Datenschutzvorschriften sowie dieser Datenschutzerkl\u00e4rung. Die Nutzung unserer Webseite ist in der Regel ohne Angabe personenbezogener Daten m\u00f6glich. Soweit auf unseren Seiten personenbezogene Daten (beispielsweise Name, Anschrift oder E-Mail-Adressen) erhoben werden, erfolgt [&hellip;]<\/p>\n","protected":false},"author":1,"featured_media":0,"parent":0,"menu_order":0,"comment_status":"closed","ping_status":"closed","template":"","meta":{"footnotes":""},"class_list":["post-450","page","type-page","status-publish","hentry"],"_links":{"self":[{"href":"https:\/\/kastner.awesa-business.de\/index.php?rest_route=\/wp\/v2\/pages\/450","targetHints":{"allow":["GET"]}}],"collection":[{"href":"https:\/\/kastner.awesa-business.de\/index.php?rest_route=\/wp\/v2\/pages"}],"about":[{"href":"https:\/\/kastner.awesa-business.de\/index.php?rest_route=\/wp\/v2\/types\/page"}],"author":[{"embeddable":true,"href":"https:\/\/kastner.awesa-business.de\/index.php?rest_route=\/wp\/v2\/users\/1"}],"replies":[{"embeddable":true,"href":"https:\/\/kastner.awesa-business.de\/index.php?rest_route=%2Fwp%2Fv2%2Fcomments&post=450"}],"version-history":[{"count":4,"href":"https:\/\/kastner.awesa-business.de\/index.php?rest_route=\/wp\/v2\/pages\/450\/revisions"}],"predecessor-version":[{"id":454,"href":"https:\/\/kastner.awesa-business.de\/index.php?rest_route=\/wp\/v2\/pages\/450\/revisions\/454"}],"wp:attachment":[{"href":"https:\/\/kastner.awesa-business.de\/index.php?rest_route=%2Fwp%2Fv2%2Fmedia&parent=450"}],"curies":[{"name":"wp","href":"https:\/\/api.w.org\/{rel}","templated":true}]}}